{"id":92,"date":"2018-04-13T11:36:32","date_gmt":"2018-04-13T11:36:32","guid":{"rendered":"https:\/\/pannermayr-mds.de\/?page_id=92"},"modified":"2018-04-13T12:27:53","modified_gmt":"2018-04-13T12:27:53","slug":"anmeldung","status":"publish","type":"page","link":"https:\/\/pannermayr-mds.de\/?page_id=92","title":{"rendered":"Anmeldung Newsletter"},"content":{"rendered":"<style type=\"text\/css\">\n@import \"https:\/\/fonts.googleapis.com\/css?family=Droid+Sans|Droid+Serif|Lato|Open+Sans|Open+Sans+Condensed:300|PT+Serif|Raleway|Roboto|Roboto+Condensed|Source+Sans+Pro\";.nl-form-body *{color:#000;font-family:Arial;font-size:14px;list-style-type:disc;list-style-position:outside;margin:0;padding:0;vertical-align:top;}.nl-form-body h1{color:#000000;font-size:1.6em;height:auto;padding:0;}.nl-form-body ul{padding:8px 24px;}.nl-form-body{background-color:#ffffff;border:solid 0px #999;box-sizing:border-box;margin:10px auto;padding:8px 0px;width:80%;}.nl-form-body .element{box-sizing:border-box;display:inline-block;margin:0;padding:8px 4%;width:100%;}.nl-form-body .element *{vertical-align:baseline;}.nl-form-body .element .validation{color:#ff0000;display:none;font-weight:bold;}.nl-form-body .element.invalid .validation{display:block !important;}.nl-form-body .element .first{float:left;width:100%;}.nl-form-body .element .second{padding-left:0;}.nl-form-body .first label{color:#000000;display:block;font-size:1.1em;font-weight:bold;margin:0 0 0.1em;padding:0 0 2px 0;}.nl-form-body .element.mandatory .first label::after{content:\"*\";}.nl-form-body p.descr{color:#929292;font-size:0.9em;line-height:0.9em;margin:0 0 0.1em;padding:0 0 2px 0;}.nl-form-body .element sub{vertical-align:sub;}.nl-form-body .element sup{vertical-align:super;}.nl-form-body .first p.descr{display:none !important;}.nl-form-body .second label{color:#000000;line-height:1em;}.nl-form-body button,.nl-form-body input[type=text],.nl-form-body select,.nl-form-body textarea{border:solid 1px #ccc;box-sizing:border-box;display:inline-block;margin:0 0 0.2em;padding:4px;width:100%;}.nl-form-body .element.invalid input[type=text],.nl-form-body .element.invalid select,.nl-form-body .element.invalid textarea{border:solid 1px #ff0000;}.nl-form-body input[type=checkbox],.nl-form-body input[type=radio]{border:solid 1px #ccc;box-sizing:border-box;display:inline-block;margin:2px 4px 0.2em;}.nl-form-body button{color:#ffffff;padding:0.3em 0;background-color:#006eb6;background:linear-gradient(#008db6, #006eb6);border:solid 1px #36c;text-align:center;}#fa_0{width:100%;}#fa_1{width:100%;}#fa_2{width:100%;}#fa_3{width:100%;}#fa_4{width:100%;}#fa_5{width:100%;}#fa_6{width:100%;}#fa_7{width:50%;}#fa_8{width:50%;}#fa_8>div{height:24px;}#fa_9{width:50%;}#fa_10{width:50%;}#fa_11{width:100%;}#fa_12{width:100%;}#fa_13{width:100%;}#fa_14{width:100%;}#fa_15{width:100%;}input.datetime, input.date, input.time{\n\tbackground-image:url(\/loader\/loader\/getPNG\/index\/icon_datetime?sid=mfctqraccqrfibs424r5pknut3);\n\tbackground-position:right center;\n\tbackground-repeat:no-repeat;\n\tcursor:pointer;\n}<\/p>\n<p>.datetimepicker {\n\t-webkit-user-select: none;\n\t-moz-user-select: none; \n\t-khtml-user-select: none;\n\t-ms-user-select: none;\n\tz-index: 9999;\n\tpadding: 0px; \n\tmargin: 0px;\n\twidth: 228px; \n\tfont-size: 11px; \n\tfont-family: Tahoma; \n\tborder: 1px solid #b0bac4; \n\tposition: absolute; \n\tdisplay: none; \n}<\/p>\n<p>\/****** NAVIGATION ******\/\ndiv.dtpnav {\n\twidth: 100%; \n\theight: 25px;\n}<\/p>\n<p>.dtpnavarrowleft {\n\tcursor: pointer; \n\tfloat: left; \n\tmargin-top: 0px;  \n\tmargin-left: 0px; \n\twidth: 24px; \n\theight: 25px;\n}\n.dtpnavarrowleftimg {\n\tmargin-left: 8px; \n\tmargin-top:6px\n}<\/p>\n<p>div.dtpnavmonthyearsel {\n\tfloat: left; \n\tfont-weight: bold; \n\tmin-width: 180px; \n\ttext-align: center;\n}<\/p>\n<p>.dtpnavarrowright {\n\tcursor: pointer; \n\tfloat: left; \n\tmargin-top: 0px; \n\tmargin-right: 0px; \n\twidth: 24px; \n\theight: 25px;\n}<\/p>\n<p>.dtpnavarrowrightimg {\n\tmargin-left: 8px; \n\tmargin-top:6px\n}<\/p>\n<p>\/****** MONTH-SELECTION ******\/\n.dtpmonthsel {\n\tcursor: pointer; \n\tdisplay: inline-block; \n\tmargin-right: 2px;\n}<\/p>\n<p>.dtpmonthshow {\n\tfloat:left; \n\tline-height: 24px;\n\tcolor: #FFF;\n}<\/p>\n<p>.dtpmonthshowimg {\n\twidth: 13px; \n\theight: 26px; \n\tfloat: left; \n\tbackground-repeat: no-repeat;\n\tbackground-position: 4px 10px;\n}<\/p>\n<p>.dtpyearsel {\n\tcursor: pointer; \n\tdisplay: inline-block; \n\tmargin-left: 2px;\n}<\/p>\n<p>div.dtpyearselbox {\n\theight: 184px; \n\toverflow: hidden;\n\twidth: 228px; \n\tbackground-color: #fff; \n\tborder: 1px solid #b0bac4; \n\tfont-family: Tahoma; \n\tfont-size: 10px; \n\tdisplay: none; \n\tposition: absolute; \n\tleft: -1px; \n\ttop: 24px;\n}<\/p>\n<p>div.dtpyearselboxleft {\n\theight: 182px; \n\twidth: 34px; \n\tmargin: 1px;\n\tfloat: left; \n\tcursor: pointer;\n}<\/p>\n<p>div.dtpyearselboxright {\n\theight: 182px; \n\twidth: 33px;\n\tmargin: 1px;\n\tfloat: left; \n\tcursor: pointer;\n}<\/p>\n<p>.dtpyearshow {\n\tfloat: left; \n\tline-height: 24px;\n\tcolor: #FFF;\n}<\/p>\n<p>.dtpyearshowarrowimg {\n\twidth: 13px; \n\theight: 26px; \n\tfloat: left; \n\tbackground-repeat: no-repeat; \n\tbackground-position: 4px 10px;\n}<\/p>\n<p>\/***** YEAR-BOX ******\/\n.dtpyearbox {\n\theight: 182px; \n\twidth: 156px;\n\tbackground-color: #fff; \n\tfloat:left;\n}<\/p>\n<p>.dtpyearboxselul {\n\tmargin-left: 0px;\n\tlist-style-type: none; \n\tpadding-left: 0px; \n\tborder-bottom: 1px solid #fff; \n\tmargin-bottom: 0px; \n\tbackground-color: #fff;\n}<\/p>\n<p>.dtpyearboxselli {\n\tfloat: left;\n\tmargin-bottom:1px;  \n\ttext-align: center; \n}<\/p>\n<p>\/********** CAL ************\/\n.dtpcalendar {\t\n\twidth: 100%; \n\tbackground-color: #fcfdff; \n\tborder-top: 1px solid #b0bac4;\n}<\/p>\n<p>.dtpcalrow {\n\tmargin-left: 0px;\n\tlist-style-type: none; \n\tpadding-left: 0px; \n\tmargin-top: 0px; \n\tmargin-bottom: 0px;\n}<\/p>\n<p>.calField {\n\tfloat:left; \n\ttext-align: center;\n\tcursor: pointer !important;\n}<\/p>\n<p>.disabledCalField {\n\tfloat:left; \n\ttext-align: center;\n\tbackground-color: #757575 !important;\ncursor: default;\n}<\/p>\n<p>.notThisMonthField {\n\tbackground-color: #fff !important;\t\n\tmargin-bottom: 1px !important;\n}<\/p>\n<p>\/******* TIME *********\/\n.dtptimearea {\n\twidth: 100%; \n\theight: 25px; \n\tcolor: #34404b; \n\tfont-weight: bold; \n\ttext-align: center;\n}<\/p>\n<p>.dtptimeclock {\n\tvertical-align: top; \n\tmargin-right: 10px; \n\tmargin-top: 4px; \n\tcursor: pointer; \n\tdisplay: inline-block; \n\twidth: 16px; \n\theight: 16px; \n}<\/p>\n<p>.dtphoursel {\n\tmargin-right: 2px; \n\tdisplay: inline-block; \n\tcursor: pointer;\n}<\/p>\n<p>.dtphoursel1 {\n\twidth: 9px;\n\theight: 6px; \n\tmargin-right: 2px; \n\tmargin-top: 9px; \n\tfloat: left; \n}<\/p>\n<p>.dtphoursel2 {\n\tfloat: right; \n\tline-height: 24px;\n}<\/p>\n<p>.dtphourselectbox {\n\tfont-weight: normal; \n\ttop: 24px; \n\theight: 184px; \n\twidth: 228px; \n\tbackground-color: #fff; \n\tborder: 1px solid #b0bac4; \n\tfont-family: Tahoma; \n\tfont-size: 10px; \n\tdisplay: none; \n\tposition: absolute; \n\tleft: -1px;\n}<\/p>\n<p>.dtphourul {\n\tmargin-left: 0px;\n\tlist-style-type: none; \n\tpadding-left: 0px; \n\tmargin-top: 0px; \n\tmargin-bottom: 1px; \n}<\/p>\n<p>.dtphouril {\n\tfloat: left; \n\twidth: 56px; \n\tmargin-bottom: 1px; \n\ttext-align: center; \n\tcursor: pointer; \n\tmargin-left: 1px;\n}<\/p>\n<p>.dtpdblp {\n\tline-height: 24px; \n\tdisplay: inline-block; \n\tvertical-align: top;\n}<\/p>\n<p>.dtpminutesel {\n\tmargin-right: 2px; \n\tdisplay: inline-block; \n\tcursor: pointer;\n}<\/p>\n<p>.dtpminutesel1 {\n\tfloat: left; \n\tline-height: 24px;\n\tmargin-left:2px;\n}<\/p>\n<p>.dtpminutesel2 {\n\twidth: 9px; \n\theight: 6px; \n\tmargin-left: 3px; \n\tmargin-top: 9px; \n\tfloat: right;\n}<\/p>\n<p>.dtpminuteselectbox {\n\tfont-weight: normal; \n\ttop: 24px; \n\tleft: -1px; \n\theight: 184px; \n\twidth: 228px; \n\tbackground-color: #fff; \n\tborder: 1px solid #b0bac4; \n\tfont-family: Tahoma; \n\tfont-size: 10px; \n\tdisplay: none; \n\tposition: absolute;\n}<\/p>\n<p>.dtpminuteul {\n\tmargin-left: 0px;\n\tlist-style-type: none; \n\tpadding-left: 0px; \n\tmargin-top: 0px; \n\tmargin-bottom: 1px; \n}<\/p>\n<p>.dtpminuteil {\n\tfloat: left; \n\ttext-align: center;\n\tmargin-bottom: 1px;  \n\tcursor: pointer;\n\tmargin-left: 1px;\n}\t<\/p>\n<p>.dtptimeselarea {\n\tfont-weight: normal; \n\tleft: -1px; \n\ttop: 24px; \n\theight: 184px; \n\twidth: 228px; \n\tbackground-color: #fff; \n\tborder: 1px solid #b0bac4; \n\tfont-family: Tahoma; \n\tfont-size: 10px; \n\tdisplay: none; \n\tposition: absolute;\n}\t<\/p>\n<p>.dtptimeselarealeft {\n\theight: 100%; \n\twidth: 100px; \n\tfloat:left;\n}\n.dtptimeselarealeftarrowup {\n\twidth: 100%; \n\tbackground-repeat: no-repeat;\n\theight: 50px;\n\tcursor: pointer;\n}\n.dtptimeselarealeftnumber {\n\twidth: 100%; \n\theight: 84px;\n\tvertical-align: middle; \n\ttext-align: center; \n\tline-height: 84px; \n\tfont-size: 36pt;\n}<\/p>\n<p>.dtptimeselarealeftarrowdown {\n\twidth: 100%; \n\tbackground-repeat: no-repeat;\n\theight: 50px;\n\tcursor: pointer;\n}<\/p>\n<p>.dtptimeselareamiddle {\n\tvertical-align: middle; \n\ttext-align: center; \n\tline-height: 170px; \n\tfont-size: 42pt;  \n\twidth: 28px; \n\tfloat:left;\n}<\/p>\n<p>.dtptimeselarearight {\n\theight: 100%;  \n\twidth: 100px; \n\tfloat:left;\n}\n.dtptimeselarearightarrowup {\n\twidth: 100%; \n\tbackground-repeat: no-repeat;\n\theight: 50px;\n\tcursor: pointer;\n}\n.dtptimeselarearightnumber {\n\twidth: 100%; \n\theight: 84px;\n\tvertical-align: middle; \n\ttext-align: center; \n\tline-height: 84px; \n\tfont-size: 36pt;\n}\n.dtptimeselarearightarrowdown {\n\twidth: 100%; \n\tbackground-repeat: no-repeat;\n\theight: 50px;\n\tcursor: pointer;\n}<\/p>\n<p>\/***** MONTH SELECTION BOX *****\/\ndiv.dtpmonthbox {\n\theight: 184px; \n\twidth: 228px; \n\tbackground-color: #FFF; \n\tborder: 1px solid #b0bac4; \n\tfont-family: Tahoma; \n\tfont-size: 10px; \n\tcolor: #000; \n\tdisplay: none; \n\tposition: absolute; \n\tleft: -1px; \n\ttop: 24px;\n}<\/p>\n<p>ul.dtpmonthrow {\n \tmargin-left: 0px;\n \tfloat:left; \n \tlist-style-type: none;\n \twidth:100%;\n \tpadding-left: 0px;\n \tmargin-top: 0px; \n \tmargin-bottom: 1px;\n}<\/p>\n<p>il.dtpmonthcell {\n\tfloat: left; \n\ttext-align: center; \n\tline-height: 45px; \n\tborder-left: 1px solid #fff; \n\tcursor: pointer;\n}<\/p>\n<p>\/***** BUTTONS *****\/\n.dtpbuttons {\n\twidth: 100%; \n\theight: 25px; \n\tborder-top: 1px solid #b0bac4; \n\ttext-align: center;\n}<\/p>\n<p>.dtpbuttonsul {\n\tmargin-left: 0px;\n\tlist-style-type: none; \n\tpadding-left: 0px; \n\tmargin-top: 0px; \n\tmargin-bottom: 0px; \n\theight: 25px;\n\tbackground-color: #FFF;\n}<\/p>\n<p>.dtpbuttonsborder {\n\tline-height: 25px; \n\tmargin-right: 1px;\n\tbackground-color: rgb(117, 117, 117);\n\ttext-align: center;\n\tfloat: left;\n\tcolor:#FFF;\n\tcursor: pointer;\n}<\/p>\n<p>.dtpbuttonsnoborder {\n\tline-height: 25px; \n\ttext-align: center;\n\tbackground-color: rgb(117, 117, 117);\n\tfloat: left;\n\tcolor:#FFF;\n\tcursor: pointer;\n\twidth: 75px;\n}<\/p>\n<p>\/***** IE-FIX *****\/\n.iefix {\n\tmin-width: 180px; \n\tfloat: left; \n\tfont-weight: bold; \n\tcolor: #fff; \n\ttext-align: center;\n}<\/p>\n<p>.rightiefix {\n\tposition: absolute;\n\tright: 0;\n\ttop: 0;\n}<\/p>\n<p>.leftiefix {\n\tposition: absolute;\n\tleft: 0;\n\ttop: 0;\n}\n<\/style>\n<p><script type=\"text\/javascript\">\nwindow.addEventListener(\"load\", function(e){document.getElementById(\"optin_form\").addEventListener(\"submit\", function(e){var makeValid = function(id){document.getElementById(id).className = \"element mandatory\";};var makeInvalid = function(id, msg){document.getElementById(id).className = \"element mandatory invalid\";};\n\/* BEGIN ELEMENTS *\/try{var validmail = new RegExp(\"^[a-zA-Z0-9_.-]+@[a-zA-Z0-9_.-]+.[a-zA-Z0-9]{2,13}$\");var value = document.getElementById(\"fa_7\").getElementsByTagName(\"input\")[0].value;if(value && !validmail.test(value)) throw \"Bitte f\u00fcllen Sie das Pflichtfeld aus.\";if(document.getElementById(\"fa_7\").getElementsByTagName(\"input\")[0].value.match(\/^s*$\/)) throw \"Bitte f\u00fcllen Sie das Pflichtfeld aus.\";makeValid(\"fa_7\");}catch(exception){e.preventDefault();makeInvalid(\"fa_7\", exception);}\/* END ELEMENTS *\/\n});});\/* BEGIN DTP *\/\/* END DTP *\/\n<\/script><\/p>\n<form id=\"optin_form\"  action=\"https:\/\/login.mailingwork.de\/optin\/optin\/execute\" method=\"post\" accept-charset=\"utf-8\">\n<div class=\"nl-form-body\">\n<!-- BEGIN ELEMENTS --><input name=\"account_id\"  value=\"19806\" type=\"hidden\" \/><input name=\"account_code\"  value=\"V5Vd9\" type=\"hidden\" \/><input name=\"optinsetup_id\"  value=\"1\" type=\"hidden\" \/><input name=\"optinsetup_code\"  value=\"YTZBp\" type=\"hidden\" \/><br \/>\n            <input id=\"fa_4\" name=\"ic\"  value=\"\" type=\"hidden\" \/><br \/>\n            <script>\n                setInterval(function(){\n                    var el=document.getElementById(\"fa_4\");\n                    if(el){\n                        if (isNaN(parseInt(el.value)) == true){\n                          el.value = 0;\n                        }\n                        else{\n                          el.value = parseInt(el.value) + 17;\n                        }\n                    }\n                }, 1000);\n            <\/script><\/p>\n<div id=\"fa_5\" class=\"element\">\n<h1>Newsletter abonnieren<\/h1>\n<\/div>\n<div id=\"fa_6\" class=\"element\">\n<p>Bitte geben Sie Ihre E-Mail-Adresse ein, um unseren Newsletter zu abonnieren.<\/p>\n<\/div>\n<div id=\"fa_7\" class=\"element mandatory\">\n<div class=\"validation\">Bitte f\u00fcllen Sie das Pflichtfeld aus.<\/div>\n<div class=\"first\"><label>E-Mail<\/label><\/p>\n<p class=\"descr\">* Pflichtfeld<\/p>\n<\/div>\n<div class=\"second\"><input name=\"fields[1]\" type=\"text\" value=\"\" \/><\/p>\n<p class=\"descr\">* Pflichtfeld<\/p>\n<\/div>\n<\/div>\n<div id=\"fa_8\" class=\"element\">\n<div><\/div>\n<\/div>\n<div id=\"fa_9\" class=\"element\">\n<div class=\"validation\"><\/div>\n<div class=\"first\"><label>Anrede<\/label><\/div>\n<div class=\"second\">\n<div><select name=\"fields[2]\"><option   value=\"\"><\/option><option   value=\"Herr\">Herr<\/option><option   value=\"Frau\">Frau<\/option><option   value=\"Mr.\">Mr.<\/option><option   value=\"Mrs.\">Mrs.<\/option><\/select><\/div>\n<\/div>\n<\/div>\n<div id=\"fa_10\" class=\"element\">\n<div class=\"validation\"><\/div>\n<div class=\"first\"><label>Titel<\/label><\/div>\n<div class=\"second\"><input name=\"fields[7]\" type=\"text\" value=\"\" \/><\/div>\n<\/div>\n<div id=\"fa_11\" class=\"element\">\n<div class=\"validation\"><\/div>\n<div class=\"first\"><label>Vorname<\/label><\/div>\n<div class=\"second\"><input name=\"fields[3]\" type=\"text\" value=\"\" \/><\/div>\n<\/div>\n<div id=\"fa_12\" class=\"element\">\n<div class=\"validation\"><\/div>\n<div class=\"first\"><label>Nachname<\/label><\/div>\n<div class=\"second\"><input name=\"fields[4]\" type=\"text\" value=\"\" \/><\/div>\n<\/div>\n<div id=\"fa_13\" class=\"element\">\n<div class=\"validation\"><\/div>\n<div class=\"first\"><label>Personenbezogenes Nutzungsprofil<\/label><\/div>\n<div class=\"second\">\n<div><input  name=\"fields[6]\" type=\"checkbox\"><label>Ja, ich m\u00f6chte einen individuellen und auf meine Bed\u00fcrfnisse zugeschnittenen Newsletter erhalten. Daf\u00fcr erlaube ich der Pannermayr-MDS, mein E-Mail-\u00d6ffnungs- und Klickverhalten zu analysieren und ein personenbezogenes Nutzungsprofil zu erstellen.<\/label><\/div>\n<\/div>\n<\/div>\n<div id=\"fa_14\" class=\"element\"><button type=\"submit\">Absenden<\/button><\/div>\n<div id=\"fa_15\" class=\"element\">\n<p>Die mit * gekennzeichneten Felder sind Pflichtfelder. Sie k\u00f6nnen das Abonnement des Newsletters jederzeit beenden. Unabh\u00e4ngig davon k\u00f6nnen Sie der Erstellung eines personenbezogenen Nutzungsprofiles jederzeit widersprechen und damit die L\u00f6schung Ihrer Nutzungsdaten veranlassen. Dazu stehen in jeder Ausgabe unseres Newsletters entsprechende Links zur Verf\u00fcgung. Wir geben Ihre Daten ohne Ihr Einverst\u00e4ndnis nicht an Dritte weiter.<\/p>\n<\/div>\n<p><!-- END ELEMENTS -->\n<\/div>\n<\/form>\n","protected":false},"excerpt":{"rendered":"<p>Newsletter abonnieren Bitte geben Sie Ihre E-Mail-Adresse ein, um unseren Newsletter zu abonnieren. Bitte f\u00fcllen Sie das Pflichtfeld aus. E-Mail * Pflichtfeld * Pflichtfeld Anrede HerrFrauMr.Mrs. Titel Vorname Nachname Personenbezogenes Nutzungsprofil Ja, ich m\u00f6chte einen individuellen und auf meine Bed\u00fcrfnisse zugeschnittenen Newsletter erhalten. Daf\u00fcr erlaube ich der Pannermayr-MDS, mein E-Mail-\u00d6ffnungs- und Klickverhalten zu analysieren und &hellip; <a href=\"https:\/\/pannermayr-mds.de\/?page_id=92\" class=\"more-link\">Read more <span class=\"screen-reader-text\">Anmeldung Newsletter<\/span><\/a><\/p>\n","protected":false},"author":1,"featured_media":0,"parent":0,"menu_order":0,"comment_status":"closed","ping_status":"closed","template":"","meta":{"footnotes":""},"class_list":["post-92","page","type-page","status-publish"],"_links":{"self":[{"href":"https:\/\/pannermayr-mds.de\/index.php?rest_route=\/wp\/v2\/pages\/92","targetHints":{"allow":["GET"]}}],"collection":[{"href":"https:\/\/pannermayr-mds.de\/index.php?rest_route=\/wp\/v2\/pages"}],"about":[{"href":"https:\/\/pannermayr-mds.de\/index.php?rest_route=\/wp\/v2\/types\/page"}],"author":[{"embeddable":true,"href":"https:\/\/pannermayr-mds.de\/index.php?rest_route=\/wp\/v2\/users\/1"}],"replies":[{"embeddable":true,"href":"https:\/\/pannermayr-mds.de\/index.php?rest_route=%2Fwp%2Fv2%2Fcomments&post=92"}],"version-history":[{"count":4,"href":"https:\/\/pannermayr-mds.de\/index.php?rest_route=\/wp\/v2\/pages\/92\/revisions"}],"predecessor-version":[{"id":103,"href":"https:\/\/pannermayr-mds.de\/index.php?rest_route=\/wp\/v2\/pages\/92\/revisions\/103"}],"wp:attachment":[{"href":"https:\/\/pannermayr-mds.de\/index.php?rest_route=%2Fwp%2Fv2%2Fmedia&parent=92"}],"curies":[{"name":"wp","href":"https:\/\/api.w.org\/{rel}","templated":true}]}}