{"id":82,"date":"2018-04-11T16:14:38","date_gmt":"2018-04-11T16:14:38","guid":{"rendered":"https:\/\/pannermayr-mds.de\/?page_id=82"},"modified":"2018-04-11T16:14:38","modified_gmt":"2018-04-11T16:14:38","slug":"kosten-pro-kontakt-fuer-verschiedene-kommunikationskanaele","status":"publish","type":"page","link":"https:\/\/pannermayr-mds.de\/?page_id=82","title":{"rendered":"Kosten pro Kontakt f\u00fcr verschiedene Kommunikationskan\u00e4le"},"content":{"rendered":"<p><strong>&#8230; \u00fcber die ein Kunde informiert werden kann (Quelle: Absolit)<\/strong><\/p>\n<p>170 EUR Veranstaltung<\/p>\n<p>150 EUR Messe<\/p>\n<p>130 EUR Au\u00dfendienst<\/p>\n<p>15\u00a0\u00a0 EUR Filiale<\/p>\n<p>5\u00a0\u00a0\u00a0\u00a0 EUR Telefon<\/p>\n<p>1\u00a0\u00a0\u00a0\u00a0 EUR Brief<\/p>\n<p>3\u00a0\u00a0\u00a0\u00a0 Cent\u00a0 E-Mail<\/p>\n<p>0,01 Cent Web<\/p>\n","protected":false},"excerpt":{"rendered":"<p>&#8230; \u00fcber die ein Kunde informiert werden kann (Quelle: Absolit) 170 EUR Veranstaltung 150 EUR Messe 130 EUR Au\u00dfendienst 15\u00a0\u00a0 EUR Filiale 5\u00a0\u00a0\u00a0\u00a0 EUR Telefon 1\u00a0\u00a0\u00a0\u00a0 EUR Brief 3\u00a0\u00a0\u00a0\u00a0 Cent\u00a0 E-Mail 0,01 Cent Web<\/p>\n","protected":false},"author":1,"featured_media":0,"parent":0,"menu_order":0,"comment_status":"closed","ping_status":"closed","template":"","meta":{"footnotes":""},"class_list":["post-82","page","type-page","status-publish"],"_links":{"self":[{"href":"https:\/\/pannermayr-mds.de\/index.php?rest_route=\/wp\/v2\/pages\/82","targetHints":{"allow":["GET"]}}],"collection":[{"href":"https:\/\/pannermayr-mds.de\/index.php?rest_route=\/wp\/v2\/pages"}],"about":[{"href":"https:\/\/pannermayr-mds.de\/index.php?rest_route=\/wp\/v2\/types\/page"}],"author":[{"embeddable":true,"href":"https:\/\/pannermayr-mds.de\/index.php?rest_route=\/wp\/v2\/users\/1"}],"replies":[{"embeddable":true,"href":"https:\/\/pannermayr-mds.de\/index.php?rest_route=%2Fwp%2Fv2%2Fcomments&post=82"}],"version-history":[{"count":1,"href":"https:\/\/pannermayr-mds.de\/index.php?rest_route=\/wp\/v2\/pages\/82\/revisions"}],"predecessor-version":[{"id":83,"href":"https:\/\/pannermayr-mds.de\/index.php?rest_route=\/wp\/v2\/pages\/82\/revisions\/83"}],"wp:attachment":[{"href":"https:\/\/pannermayr-mds.de\/index.php?rest_route=%2Fwp%2Fv2%2Fmedia&parent=82"}],"curies":[{"name":"wp","href":"https:\/\/api.w.org\/{rel}","templated":true}]}}