{"id":79,"date":"2018-04-11T16:09:58","date_gmt":"2018-04-11T16:09:58","guid":{"rendered":"https:\/\/pannermayr-mds.de\/?page_id=79"},"modified":"2018-04-11T16:17:46","modified_gmt":"2018-04-11T16:17:46","slug":"ziele-des-e-mail-marketings","status":"publish","type":"page","link":"https:\/\/pannermayr-mds.de\/?page_id=79","title":{"rendered":"Ziele des E-Mail-Marketings"},"content":{"rendered":"<ul>\n<li>Bekanntheit steigern<\/li>\n<li>Loyalit\u00e4t erh\u00f6hen<\/li>\n<li>mehr verkaufen<\/li>\n<li>Kosten sparen<\/li>\n<li>Menschen direkt erreichen<\/li>\n<li>Interaktion mit Kunden verst\u00e4rken<\/li>\n<li>Interaktion messbar machen<\/li>\n<li>Zielgruppen kennenlernen<\/li>\n<li>neue Zielgruppen ansprechen<\/li>\n<li>Akquise verbessern<\/li>\n<li>in Erinnerung bleiben<\/li>\n<li>Kunden mehr Nutzen bieten<\/li>\n<li>\u00d6kobilanz verbessern<\/li>\n<\/ul>\n","protected":false},"excerpt":{"rendered":"<p>Bekanntheit steigern Loyalit\u00e4t erh\u00f6hen mehr verkaufen Kosten sparen Menschen direkt erreichen Interaktion mit Kunden verst\u00e4rken Interaktion messbar machen Zielgruppen kennenlernen neue Zielgruppen ansprechen Akquise verbessern in Erinnerung bleiben Kunden mehr Nutzen bieten \u00d6kobilanz verbessern<\/p>\n","protected":false},"author":1,"featured_media":0,"parent":0,"menu_order":0,"comment_status":"closed","ping_status":"closed","template":"","meta":{"footnotes":""},"class_list":["post-79","page","type-page","status-publish"],"_links":{"self":[{"href":"https:\/\/pannermayr-mds.de\/index.php?rest_route=\/wp\/v2\/pages\/79","targetHints":{"allow":["GET"]}}],"collection":[{"href":"https:\/\/pannermayr-mds.de\/index.php?rest_route=\/wp\/v2\/pages"}],"about":[{"href":"https:\/\/pannermayr-mds.de\/index.php?rest_route=\/wp\/v2\/types\/page"}],"author":[{"embeddable":true,"href":"https:\/\/pannermayr-mds.de\/index.php?rest_route=\/wp\/v2\/users\/1"}],"replies":[{"embeddable":true,"href":"https:\/\/pannermayr-mds.de\/index.php?rest_route=%2Fwp%2Fv2%2Fcomments&post=79"}],"version-history":[{"count":2,"href":"https:\/\/pannermayr-mds.de\/index.php?rest_route=\/wp\/v2\/pages\/79\/revisions"}],"predecessor-version":[{"id":85,"href":"https:\/\/pannermayr-mds.de\/index.php?rest_route=\/wp\/v2\/pages\/79\/revisions\/85"}],"wp:attachment":[{"href":"https:\/\/pannermayr-mds.de\/index.php?rest_route=%2Fwp%2Fv2%2Fmedia&parent=79"}],"curies":[{"name":"wp","href":"https:\/\/api.w.org\/{rel}","templated":true}]}}