{"id":57,"date":"2018-02-10T15:14:57","date_gmt":"2018-02-10T15:14:57","guid":{"rendered":"https:\/\/pannermayr-mds.de\/?page_id=57"},"modified":"2018-04-11T16:15:18","modified_gmt":"2018-04-11T16:15:18","slug":"newsletter","status":"publish","type":"page","link":"https:\/\/pannermayr-mds.de\/?page_id=57","title":{"rendered":"Newsletter"},"content":{"rendered":"<h2 class=\" tcolor_2\"><strong>Kunden erreichen und binden<\/strong><\/h2>\n<h3 class=\" tcolor_2\">Was mein <em>mailingwork-Newsletter-System<\/em> auszeichnet<\/h3>\n<p class=\"bodytext\">mailingwork ist eine Software f\u00fcr personalisiertes E-Mail-Marketing, Marketing-Automation und Lead Management. Marketingverantwortliche verschicken damit Newsletter, f\u00fchren mehrstufige Kampagnen durch, sprechen ihre Kunden individuell an und liefern die passenden Angebote zur richtigen Zeit.<\/p>\n<p>Die SaaS-L\u00f6sung ist funktionsreich und modular aufgebaut. Sie geht damit flexibel auf komplexe Anforderungen mittelst\u00e4ndischer Unternehmen ein. Agenturen und gro\u00dfe Unternehmen managen mit mailingwork mehrere Mandanten zentral und unter eigenem Label. mailingwork bietet allen Anwendern eine einfach zu bedienende Oberfl\u00e4che, klare Strukturen, universelle Schnittstellen und ein sicheres Datenhandling durch den Serverstandort Deutschland.<\/p>\n<p><a href=\"https:\/\/pannermayr-mds.de\/?page_id=79\">Ziele des E-Mail-Marketing<\/a><\/p>\n<p><a href=\"https:\/\/pannermayr-mds.de\/?page_id=82\">Kosten pro Kontakt<\/a><\/p>\n","protected":false},"excerpt":{"rendered":"<p>Kunden erreichen und binden Was mein mailingwork-Newsletter-System auszeichnet mailingwork ist eine Software f\u00fcr personalisiertes E-Mail-Marketing, Marketing-Automation und Lead Management. Marketingverantwortliche verschicken damit Newsletter, f\u00fchren mehrstufige Kampagnen durch, sprechen ihre Kunden individuell an und liefern die passenden Angebote zur richtigen Zeit. Die SaaS-L\u00f6sung ist funktionsreich und modular aufgebaut. Sie geht damit flexibel auf komplexe Anforderungen mittelst\u00e4ndischer &hellip; <a href=\"https:\/\/pannermayr-mds.de\/?page_id=57\" class=\"more-link\">Read more <span class=\"screen-reader-text\">Newsletter<\/span><\/a><\/p>\n","protected":false},"author":1,"featured_media":0,"parent":0,"menu_order":0,"comment_status":"closed","ping_status":"closed","template":"","meta":{"footnotes":""},"class_list":["post-57","page","type-page","status-publish"],"_links":{"self":[{"href":"https:\/\/pannermayr-mds.de\/index.php?rest_route=\/wp\/v2\/pages\/57","targetHints":{"allow":["GET"]}}],"collection":[{"href":"https:\/\/pannermayr-mds.de\/index.php?rest_route=\/wp\/v2\/pages"}],"about":[{"href":"https:\/\/pannermayr-mds.de\/index.php?rest_route=\/wp\/v2\/types\/page"}],"author":[{"embeddable":true,"href":"https:\/\/pannermayr-mds.de\/index.php?rest_route=\/wp\/v2\/users\/1"}],"replies":[{"embeddable":true,"href":"https:\/\/pannermayr-mds.de\/index.php?rest_route=%2Fwp%2Fv2%2Fcomments&post=57"}],"version-history":[{"count":3,"href":"https:\/\/pannermayr-mds.de\/index.php?rest_route=\/wp\/v2\/pages\/57\/revisions"}],"predecessor-version":[{"id":84,"href":"https:\/\/pannermayr-mds.de\/index.php?rest_route=\/wp\/v2\/pages\/57\/revisions\/84"}],"wp:attachment":[{"href":"https:\/\/pannermayr-mds.de\/index.php?rest_route=%2Fwp%2Fv2%2Fmedia&parent=57"}],"curies":[{"name":"wp","href":"https:\/\/api.w.org\/{rel}","templated":true}]}}